{"id":407,"date":"2020-05-03T13:12:53","date_gmt":"2020-05-03T12:12:53","guid":{"rendered":"http:\/\/www.casterbronz.hu\/?page_id=407"},"modified":"2020-06-10T15:15:09","modified_gmt":"2020-06-10T14:15:09","slug":"sajtokozlemeny","status":"publish","type":"page","link":"http:\/\/www.casterbronz.hu\/en\/sajtokozlemeny\/","title":{"rendered":"(Magyar) Sajt\u00f3k\u00f6zlem\u00e9ny"},"content":{"rendered":"<p class=\"qtranxs-available-languages-message qtranxs-available-languages-message-en\">Sorry, this entry is only available in <a href=\"http:\/\/www.casterbronz.hu\/hu\/wp-json\/wp\/v2\/pages\/407\" class=\"qtranxs-available-language-link qtranxs-available-language-link-hu\" title=\"Magyar\">Hungarian<\/a>.<\/p>","protected":false},"excerpt":{"rendered":"<p>Sorry, this entry is only available in Hungarian.<\/p>\n","protected":false},"author":1,"featured_media":0,"parent":0,"menu_order":0,"comment_status":"closed","ping_status":"closed","template":"","meta":{"footnotes":""},"_links":{"self":[{"href":"http:\/\/www.casterbronz.hu\/en\/wp-json\/wp\/v2\/pages\/407"}],"collection":[{"href":"http:\/\/www.casterbronz.hu\/en\/wp-json\/wp\/v2\/pages"}],"about":[{"href":"http:\/\/www.casterbronz.hu\/en\/wp-json\/wp\/v2\/types\/page"}],"author":[{"embeddable":true,"href":"http:\/\/www.casterbronz.hu\/en\/wp-json\/wp\/v2\/users\/1"}],"replies":[{"embeddable":true,"href":"http:\/\/www.casterbronz.hu\/en\/wp-json\/wp\/v2\/comments?post=407"}],"version-history":[{"count":6,"href":"http:\/\/www.casterbronz.hu\/en\/wp-json\/wp\/v2\/pages\/407\/revisions"}],"predecessor-version":[{"id":445,"href":"http:\/\/www.casterbronz.hu\/en\/wp-json\/wp\/v2\/pages\/407\/revisions\/445"}],"wp:attachment":[{"href":"http:\/\/www.casterbronz.hu\/en\/wp-json\/wp\/v2\/media?parent=407"}],"curies":[{"name":"wp","href":"https:\/\/api.w.org\/{rel}","templated":true}]}}