{"id":295,"date":"2018-07-12T16:52:37","date_gmt":"2018-07-12T15:52:37","guid":{"rendered":"http:\/\/www.casterbronz.hu\/?page_id=295"},"modified":"2018-07-12T16:52:37","modified_gmt":"2018-07-12T15:52:37","slug":"egyeb-tevekenysegeink","status":"publish","type":"page","link":"http:\/\/www.casterbronz.hu\/en\/egyeb-tevekenysegeink\/","title":{"rendered":"(Magyar) Egy\u00e9b tev\u00e9kenys\u00e9geink"},"content":{"rendered":"<p class=\"qtranxs-available-languages-message qtranxs-available-languages-message-en\">Sorry, this entry is only available in <a href=\"http:\/\/www.casterbronz.hu\/hu\/wp-json\/wp\/v2\/pages\/295\" class=\"qtranxs-available-language-link qtranxs-available-language-link-hu\" title=\"Magyar\">Hungarian<\/a>.<\/p>","protected":false},"excerpt":{"rendered":"<p>Sorry, this entry is only available in Hungarian.<\/p>\n","protected":false},"author":1,"featured_media":0,"parent":0,"menu_order":0,"comment_status":"closed","ping_status":"closed","template":"","meta":{"footnotes":""},"_links":{"self":[{"href":"http:\/\/www.casterbronz.hu\/en\/wp-json\/wp\/v2\/pages\/295"}],"collection":[{"href":"http:\/\/www.casterbronz.hu\/en\/wp-json\/wp\/v2\/pages"}],"about":[{"href":"http:\/\/www.casterbronz.hu\/en\/wp-json\/wp\/v2\/types\/page"}],"author":[{"embeddable":true,"href":"http:\/\/www.casterbronz.hu\/en\/wp-json\/wp\/v2\/users\/1"}],"replies":[{"embeddable":true,"href":"http:\/\/www.casterbronz.hu\/en\/wp-json\/wp\/v2\/comments?post=295"}],"version-history":[{"count":1,"href":"http:\/\/www.casterbronz.hu\/en\/wp-json\/wp\/v2\/pages\/295\/revisions"}],"predecessor-version":[{"id":297,"href":"http:\/\/www.casterbronz.hu\/en\/wp-json\/wp\/v2\/pages\/295\/revisions\/297"}],"wp:attachment":[{"href":"http:\/\/www.casterbronz.hu\/en\/wp-json\/wp\/v2\/media?parent=295"}],"curies":[{"name":"wp","href":"https:\/\/api.w.org\/{rel}","templated":true}]}}