{"id":271,"date":"2018-07-12T16:47:31","date_gmt":"2018-07-12T15:47:31","guid":{"rendered":"http:\/\/www.casterbronz.hu\/?page_id=271"},"modified":"2018-07-12T17:21:40","modified_gmt":"2018-07-12T16:21:40","slug":"vendeglato-ipari-italadagolo-sorcsapolo-torony-bemutatasa","status":"publish","type":"page","link":"http:\/\/www.casterbronz.hu\/en\/vendeglato-ipari-italadagolo-sorcsapolo-torony-bemutatasa\/","title":{"rendered":"(Magyar) Vend\u00e9gl\u00e1t\u00f3-ipari italadagol\u00f3 (s\u00f6rcsapol\u00f3 torony) bemutat\u00e1sa"},"content":{"rendered":"<p class=\"qtranxs-available-languages-message qtranxs-available-languages-message-en\">Sorry, this entry is only available in <a href=\"http:\/\/www.casterbronz.hu\/hu\/wp-json\/wp\/v2\/pages\/271\" class=\"qtranxs-available-language-link qtranxs-available-language-link-hu\" title=\"Magyar\">Hungarian<\/a>.<\/p>","protected":false},"excerpt":{"rendered":"<p>Sorry, this entry is only available in Hungarian.<\/p>\n","protected":false},"author":1,"featured_media":0,"parent":0,"menu_order":0,"comment_status":"closed","ping_status":"closed","template":"","meta":{"footnotes":""},"_links":{"self":[{"href":"http:\/\/www.casterbronz.hu\/en\/wp-json\/wp\/v2\/pages\/271"}],"collection":[{"href":"http:\/\/www.casterbronz.hu\/en\/wp-json\/wp\/v2\/pages"}],"about":[{"href":"http:\/\/www.casterbronz.hu\/en\/wp-json\/wp\/v2\/types\/page"}],"author":[{"embeddable":true,"href":"http:\/\/www.casterbronz.hu\/en\/wp-json\/wp\/v2\/users\/1"}],"replies":[{"embeddable":true,"href":"http:\/\/www.casterbronz.hu\/en\/wp-json\/wp\/v2\/comments?post=271"}],"version-history":[{"count":6,"href":"http:\/\/www.casterbronz.hu\/en\/wp-json\/wp\/v2\/pages\/271\/revisions"}],"predecessor-version":[{"id":355,"href":"http:\/\/www.casterbronz.hu\/en\/wp-json\/wp\/v2\/pages\/271\/revisions\/355"}],"wp:attachment":[{"href":"http:\/\/www.casterbronz.hu\/en\/wp-json\/wp\/v2\/media?parent=271"}],"curies":[{"name":"wp","href":"https:\/\/api.w.org\/{rel}","templated":true}]}}