{"id":219,"date":"2018-07-12T16:32:38","date_gmt":"2018-07-12T15:32:38","guid":{"rendered":"http:\/\/www.casterbronz.hu\/?page_id=219"},"modified":"2018-07-12T17:11:37","modified_gmt":"2018-07-12T16:11:37","slug":"mellszobrok","status":"publish","type":"page","link":"http:\/\/www.casterbronz.hu\/en\/mellszobrok\/","title":{"rendered":"Bust"},"content":{"rendered":"<p><\/p>\n<ul>\n<li><a href=\"http:\/\/www.casterbronz.hu\/borsi-sandor-petofi-kiszombor\/\">Borsi S\u00e1ndor: Pet\u0151fi (Kiszombor, Hungary)\u00a0<\/a><\/li>\n<li><a href=\"http:\/\/www.casterbronz.hu\/borsi-sandor-kossuth-kiszombor\/\">Borsi S\u00e1ndor: Kossuth (Kiszombor, Hungary)<\/a><\/li>\n<li><a href=\"http:\/\/www.casterbronz.hu\/kutas-laszlo-dr-nandori-gyula-budapest\/\">Kutas L\u00e1szl\u00f3: Dr. N\u00e1ndori Gyula (Budapest)\u00a0<\/a><\/li>\n<\/ul>\n<p><\/p>","protected":false},"excerpt":{"rendered":"<p>Borsi S\u00e1ndor: Pet\u0151fi (Kiszombor, Hungary)\u00a0 Borsi S\u00e1ndor: Kossuth (Kiszombor, Hungary) Kutas L\u00e1szl\u00f3: Dr. N\u00e1ndori Gyula (Budapest)\u00a0<\/p>\n","protected":false},"author":1,"featured_media":0,"parent":0,"menu_order":0,"comment_status":"closed","ping_status":"closed","template":"","meta":{"footnotes":""},"_links":{"self":[{"href":"http:\/\/www.casterbronz.hu\/en\/wp-json\/wp\/v2\/pages\/219"}],"collection":[{"href":"http:\/\/www.casterbronz.hu\/en\/wp-json\/wp\/v2\/pages"}],"about":[{"href":"http:\/\/www.casterbronz.hu\/en\/wp-json\/wp\/v2\/types\/page"}],"author":[{"embeddable":true,"href":"http:\/\/www.casterbronz.hu\/en\/wp-json\/wp\/v2\/users\/1"}],"replies":[{"embeddable":true,"href":"http:\/\/www.casterbronz.hu\/en\/wp-json\/wp\/v2\/comments?post=219"}],"version-history":[{"count":6,"href":"http:\/\/www.casterbronz.hu\/en\/wp-json\/wp\/v2\/pages\/219\/revisions"}],"predecessor-version":[{"id":333,"href":"http:\/\/www.casterbronz.hu\/en\/wp-json\/wp\/v2\/pages\/219\/revisions\/333"}],"wp:attachment":[{"href":"http:\/\/www.casterbronz.hu\/en\/wp-json\/wp\/v2\/media?parent=219"}],"curies":[{"name":"wp","href":"https:\/\/api.w.org\/{rel}","templated":true}]}}