{"id":189,"date":"2018-07-12T16:26:23","date_gmt":"2018-07-12T15:26:23","guid":{"rendered":"http:\/\/www.casterbronz.hu\/?page_id=189"},"modified":"2018-07-12T17:06:46","modified_gmt":"2018-07-12T16:06:46","slug":"kozteri-szobor","status":"publish","type":"page","link":"http:\/\/www.casterbronz.hu\/en\/kozteri-szobor\/","title":{"rendered":"Sculptures"},"content":{"rendered":"<p><\/p>\n<ul>\n<li><a href=\"http:\/\/www.casterbronz.hu\/millenniumi-emlekmu-kaposvar\/\">Bors Istv\u00e1n: Millennium memorial. Kaposv\u00e1r, Hungary<\/a><\/li>\n<li><a href=\"http:\/\/www.casterbronz.hu\/millenniumi-emlekmu-segesd\/\">Bors Istv\u00e1n: Millennium memorial. Segesd, Hungary<\/a><\/li>\n<li><a href=\"http:\/\/www.casterbronz.hu\/kozteri-szobor-ciney-belgium\/\">Cows. Ciney, Belgium<\/a><\/li>\n<\/ul>\n<p><\/p>","protected":false},"excerpt":{"rendered":"<p>Bors Istv\u00e1n: Millennium memorial. Kaposv\u00e1r, Hungary Bors Istv\u00e1n: Millennium memorial. Segesd, Hungary Cows. Ciney, Belgium<\/p>\n","protected":false},"author":1,"featured_media":0,"parent":0,"menu_order":0,"comment_status":"closed","ping_status":"closed","template":"","meta":{"footnotes":""},"_links":{"self":[{"href":"http:\/\/www.casterbronz.hu\/en\/wp-json\/wp\/v2\/pages\/189"}],"collection":[{"href":"http:\/\/www.casterbronz.hu\/en\/wp-json\/wp\/v2\/pages"}],"about":[{"href":"http:\/\/www.casterbronz.hu\/en\/wp-json\/wp\/v2\/types\/page"}],"author":[{"embeddable":true,"href":"http:\/\/www.casterbronz.hu\/en\/wp-json\/wp\/v2\/users\/1"}],"replies":[{"embeddable":true,"href":"http:\/\/www.casterbronz.hu\/en\/wp-json\/wp\/v2\/comments?post=189"}],"version-history":[{"count":6,"href":"http:\/\/www.casterbronz.hu\/en\/wp-json\/wp\/v2\/pages\/189\/revisions"}],"predecessor-version":[{"id":323,"href":"http:\/\/www.casterbronz.hu\/en\/wp-json\/wp\/v2\/pages\/189\/revisions\/323"}],"wp:attachment":[{"href":"http:\/\/www.casterbronz.hu\/en\/wp-json\/wp\/v2\/media?parent=189"}],"curies":[{"name":"wp","href":"https:\/\/api.w.org\/{rel}","templated":true}]}}